{"id":201,"date":"2017-12-24T01:59:27","date_gmt":"2017-12-24T00:59:27","guid":{"rendered":"https:\/\/kksc2009.ak5.one\/?page_id=201"},"modified":"2022-07-16T18:44:42","modified_gmt":"2022-07-16T17:44:42","slug":"verbaende-2","status":"publish","type":"page","link":"https:\/\/kksc2009.ak5.one\/?page_id=201","title":{"rendered":"Verb\u00e4nde"},"content":{"rendered":"\n<figure class=\"wp-block-table is-style-stripes\"><table><tbody><tr><td><a href=\"https:\/\/d-s-u.de\/\"><img loading=\"lazy\" decoding=\"async\" class=\"alignnone size-full wp-image-293\" src=\"https:\/\/kksc2009.ak5.one\/wp-content\/uploads\/2018\/08\/DSU.jpg\" alt=\"\" width=\"79\" height=\"94\"><\/a><\/td><td><a href=\"https:\/\/d-s-u.de\/\">Deutsche Schie\u00dfsport Union e.V.<\/a><\/td><\/tr><tr><td><a href=\"https:\/\/www.bdsnet.de\/\"><img loading=\"lazy\" decoding=\"async\" width=\"73\" height=\"81\" class=\"wp-image-614\" style=\"width: 73px;\" src=\"https:\/\/kksc2009.ak5.one\/wp-content\/uploads\/2021\/07\/bds_logo_small.png\" alt=\"\"><\/a><\/td><td><a href=\"https:\/\/www.bdsnet.de\/\">Bund Deutscher Sportsch\u00fctzen 1975 e.V.<\/a><\/td><\/tr><tr><td><a href=\"https:\/\/www.dsb.de\/\"><img loading=\"lazy\" decoding=\"async\" width=\"150\" height=\"94\" class=\"wp-image-613\" style=\"width: 150px;\" src=\"https:\/\/kksc2009.ak5.one\/wp-content\/uploads\/2021\/07\/dsb.png\" alt=\"\"><\/a><\/td><td><a href=\"https:\/\/www.dsb.de\/\">Deutscher Sch\u00fctzenbund<\/a><\/td><\/tr><tr><td><img loading=\"lazy\" decoding=\"async\" width=\"150\" height=\"70\" class=\"wp-image-642\" style=\"width: 150px;\" src=\"https:\/\/kksc2009.ak5.one\/wp-content\/uploads\/2022\/07\/BDMP_logo.png\" alt=\"\"><\/td><td><a href=\"https:\/\/www.bdmp.de\">Bund der Milit\u00e4r- und Polizeisch\u00fctzen e.V.<\/a><\/td><\/tr><\/tbody><\/table><\/figure>\n\n\n\n<p><\/p>\n","protected":false},"excerpt":{"rendered":"<p>Deutsche Schie\u00dfsport Union e.V. Bund Deutscher Sportsch\u00fctzen 1975 e.V. Deutscher Sch\u00fctzenbund Bund der Milit\u00e4r- und Polizeisch\u00fctzen e.V.<\/p>\n","protected":false},"author":1,"featured_media":0,"parent":0,"menu_order":0,"comment_status":"closed","ping_status":"closed","template":"","meta":{"footnotes":""},"class_list":["post-201","page","type-page","status-publish","hentry"],"_links":{"self":[{"href":"https:\/\/kksc2009.ak5.one\/index.php?rest_route=\/wp\/v2\/pages\/201","targetHints":{"allow":["GET"]}}],"collection":[{"href":"https:\/\/kksc2009.ak5.one\/index.php?rest_route=\/wp\/v2\/pages"}],"about":[{"href":"https:\/\/kksc2009.ak5.one\/index.php?rest_route=\/wp\/v2\/types\/page"}],"author":[{"embeddable":true,"href":"https:\/\/kksc2009.ak5.one\/index.php?rest_route=\/wp\/v2\/users\/1"}],"replies":[{"embeddable":true,"href":"https:\/\/kksc2009.ak5.one\/index.php?rest_route=%2Fwp%2Fv2%2Fcomments&post=201"}],"version-history":[{"count":13,"href":"https:\/\/kksc2009.ak5.one\/index.php?rest_route=\/wp\/v2\/pages\/201\/revisions"}],"predecessor-version":[{"id":646,"href":"https:\/\/kksc2009.ak5.one\/index.php?rest_route=\/wp\/v2\/pages\/201\/revisions\/646"}],"wp:attachment":[{"href":"https:\/\/kksc2009.ak5.one\/index.php?rest_route=%2Fwp%2Fv2%2Fmedia&parent=201"}],"curies":[{"name":"wp","href":"https:\/\/api.w.org\/{rel}","templated":true}]}}