{"id":21,"date":"2017-08-27T11:00:48","date_gmt":"2017-08-27T10:00:48","guid":{"rendered":"https:\/\/kksc2009.ak5.one\/?page_id=21"},"modified":"2018-10-18T12:15:23","modified_gmt":"2018-10-18T11:15:23","slug":"links","status":"publish","type":"page","link":"https:\/\/kksc2009.ak5.one\/?page_id=21","title":{"rendered":"Links"},"content":{"rendered":"<hr \/>\n<h3><span style=\"color: #000000;\"><a style=\"color: #000000;\" href=\"https:\/\/kksc2009.ak5.one\/?page_id=199\">Schie\u00dfst\u00e4nde<\/a><\/span><\/h3>\n<h3><span style=\"color: #000000;\"><a style=\"color: #000000;\" href=\"https:\/\/kksc2009.ak5.one\/?page_id=200\">Befreundete Vereine<\/a><\/span><\/h3>\n<h3><span style=\"color: #000000;\"><a style=\"color: #000000;\" href=\"https:\/\/kksc2009.ak5.one\/?page_id=197\">Organisationen<\/a><\/span><\/h3>\n<h3><span style=\"color: #000000;\"><a style=\"color: #000000;\" href=\"https:\/\/kksc2009.ak5.one\/?page_id=196\">Foren<\/a><\/span><\/h3>\n<h3><a href=\"https:\/\/kksc2009.ak5.one\/?page_id=201\"><span style=\"color: #000000;\">Verb\u00e4nde<\/span><\/a><\/h3>\n","protected":false},"excerpt":{"rendered":"<p>Schie\u00dfst\u00e4nde Befreundete Vereine Organisationen Foren Verb\u00e4nde<\/p>\n","protected":false},"author":1,"featured_media":0,"parent":0,"menu_order":0,"comment_status":"closed","ping_status":"closed","template":"","meta":{"footnotes":""},"class_list":["post-21","page","type-page","status-publish","hentry"],"_links":{"self":[{"href":"https:\/\/kksc2009.ak5.one\/index.php?rest_route=\/wp\/v2\/pages\/21","targetHints":{"allow":["GET"]}}],"collection":[{"href":"https:\/\/kksc2009.ak5.one\/index.php?rest_route=\/wp\/v2\/pages"}],"about":[{"href":"https:\/\/kksc2009.ak5.one\/index.php?rest_route=\/wp\/v2\/types\/page"}],"author":[{"embeddable":true,"href":"https:\/\/kksc2009.ak5.one\/index.php?rest_route=\/wp\/v2\/users\/1"}],"replies":[{"embeddable":true,"href":"https:\/\/kksc2009.ak5.one\/index.php?rest_route=%2Fwp%2Fv2%2Fcomments&post=21"}],"version-history":[{"count":11,"href":"https:\/\/kksc2009.ak5.one\/index.php?rest_route=\/wp\/v2\/pages\/21\/revisions"}],"predecessor-version":[{"id":353,"href":"https:\/\/kksc2009.ak5.one\/index.php?rest_route=\/wp\/v2\/pages\/21\/revisions\/353"}],"wp:attachment":[{"href":"https:\/\/kksc2009.ak5.one\/index.php?rest_route=%2Fwp%2Fv2%2Fmedia&parent=21"}],"curies":[{"name":"wp","href":"https:\/\/api.w.org\/{rel}","templated":true}]}}