{"id":46,"date":"2017-08-27T23:49:02","date_gmt":"2017-08-27T22:49:02","guid":{"rendered":"https:\/\/kksc2009.ak5.one\/?page_id=46"},"modified":"2018-11-12T17:28:25","modified_gmt":"2018-11-12T16:28:25","slug":"uber-uns","status":"publish","type":"page","link":"https:\/\/kksc2009.ak5.one\/?page_id=46","title":{"rendered":"\u00dcber uns"},"content":{"rendered":"<div id=\"cc-m-5590853176\" class=\"j-module n j-header \">\n<h1 id=\"cc-m-header-5590853176\" class=\"\">Das sind wir!<\/h1>\n<\/div>\n<div id=\"cc-m-5591570076\" class=\"j-module n j-text \">\n<p><strong>Wer sind wir?<\/strong><\/p>\n<p>Der Kaarst-Krefelder Sportsch\u00fctzen Club (KKSC) ist eine Vereinigung, in dem der Schie\u00dfsport aktiv betrieben und gef\u00f6rdert wird. Wir sind Mitglied in der Deutschen Schie\u00dfsportunion e.V. (DSU), einem durch das Bundesverwaltungsamt anerkannten Schie\u00dfsportverband.<\/p>\n<p>&nbsp;<\/p>\n<p><strong>Was machen wir?<\/strong><\/p>\n<p>Die Mitglieder des KKSC sind begeisterte Sportsch\u00fctzen, die den Schie\u00dfsport mit klein- und gro\u00dfkalibrigen Kurz- und Langwaffen nach den Regeln und Disziplinen der DSU aus\u00fcben. Hierf\u00fcr stehen uns Kurz- und Langwaffenst\u00e4nde in Wegberg, M\u00f6nchengladbach und Aldenhoven (bei D\u00fcren) f\u00fcr Training und Wettk\u00e4mpfe zur Verf\u00fcgung.<\/p>\n<p>Als Highlight des Jahres k\u00f6nnen einige unserer Mitglieder wohl die Teilnahme an den deutschen Meisterschaften der DSU in Phillipsburg bezeichnen.\u00a0 Hier kommt es nicht selten vor, dass auch schon mal ein Platz auf dem &#8222;Siegertreppchen&#8220; zu verzeichnen ist.<\/p>\n<p><strong>Trotz dieser Erfolge steht bei uns der Spa\u00df am Schie\u00dfen an erster Stelle!<\/strong><\/p>\n<\/div>\n","protected":false},"excerpt":{"rendered":"<p>Das sind wir! Wer sind wir? Der Kaarst-Krefelder Sportsch\u00fctzen Club (KKSC) ist eine Vereinigung, in dem der Schie\u00dfsport aktiv betrieben und gef\u00f6rdert wird. Wir sind Mitglied in der Deutschen Schie\u00dfsportunion e.V. (DSU), einem durch das Bundesverwaltungsamt anerkannten Schie\u00dfsportverband. &nbsp; Was &hellip; <a href=\"https:\/\/kksc2009.ak5.one\/?page_id=46\">Continue reading <span class=\"meta-nav\">&rarr;<\/span><\/a><\/p>\n","protected":false},"author":1,"featured_media":0,"parent":0,"menu_order":0,"comment_status":"closed","ping_status":"closed","template":"","meta":{"footnotes":""},"class_list":["post-46","page","type-page","status-publish","hentry"],"_links":{"self":[{"href":"https:\/\/kksc2009.ak5.one\/index.php?rest_route=\/wp\/v2\/pages\/46","targetHints":{"allow":["GET"]}}],"collection":[{"href":"https:\/\/kksc2009.ak5.one\/index.php?rest_route=\/wp\/v2\/pages"}],"about":[{"href":"https:\/\/kksc2009.ak5.one\/index.php?rest_route=\/wp\/v2\/types\/page"}],"author":[{"embeddable":true,"href":"https:\/\/kksc2009.ak5.one\/index.php?rest_route=\/wp\/v2\/users\/1"}],"replies":[{"embeddable":true,"href":"https:\/\/kksc2009.ak5.one\/index.php?rest_route=%2Fwp%2Fv2%2Fcomments&post=46"}],"version-history":[{"count":1,"href":"https:\/\/kksc2009.ak5.one\/index.php?rest_route=\/wp\/v2\/pages\/46\/revisions"}],"predecessor-version":[{"id":47,"href":"https:\/\/kksc2009.ak5.one\/index.php?rest_route=\/wp\/v2\/pages\/46\/revisions\/47"}],"wp:attachment":[{"href":"https:\/\/kksc2009.ak5.one\/index.php?rest_route=%2Fwp%2Fv2%2Fmedia&parent=46"}],"curies":[{"name":"wp","href":"https:\/\/api.w.org\/{rel}","templated":true}]}}